{"id":2,"date":"2016-05-10T03:48:21","date_gmt":"2016-05-10T03:48:21","guid":{"rendered":"https:\/\/sahkobitti.fi\/?page_id=2"},"modified":"2025-06-18T12:10:34","modified_gmt":"2025-06-18T12:10:34","slug":"sahkobitti-oy","status":"publish","type":"page","link":"https:\/\/sahkobitti.fi\/","title":{"rendered":"Yleist\u00e4"},"content":{"rendered":"<p>S\u00e4hk\u00f6asennuksia, huoltoa kuin uudiskohteita.<\/p>\n<p><em><strong>2025 kes\u00e4ll\u00e4 tullut antennihuollot mukaan.<\/strong><\/em><\/p>\n<p>Ilmal\u00e4mp\u00f6pumppu asennukset, sek\u00e4 my\u00f6hemmin mahdollista ilmavesi-, poistoilma- sek\u00e4 maal\u00e4mp\u00f6pumput.\u00a0<\/p>\n<p>Bosch ilmal\u00e4mp\u00f6pumpuille 6v pidennetty takuu mahdollisuus sek\u00e4 ilmavesi\/maal\u00e4mp\u00f6 tuotteille 6+10V(tulossa my\u00f6hemmin). My\u00f6s muun merkkiset ilmal\u00e4mp\u00f6pumput asentuu mukisematta.<\/p>\n<p>Nyt my\u00f6s Innova l\u00e4mp\u00f6pumput 5v takuulla, lis\u00e4tietoja ja esitteit\u00e4 <a href=\"https:\/\/www.ahlsell.fi\/omat-merkit-ja-maahantuonnit\/innova\">a-energiaratkaisut.fi<\/a><\/p>\n<p style=\"text-align: center;\"><em>**Sivut tekev\u00e4t tuloaan ja lis\u00e4tietoja linkeist\u00e4 alapuolelta.**<\/em><\/p>\n\n\n<p><\/p>\n\n\n\n<div class=\"wp-block-buttons is-horizontal is-content-justification-left is-layout-flex wp-container-core-buttons-is-layout-7e5fce0a wp-block-buttons-is-layout-flex\">\n<div class=\"wp-block-button\"><a class=\"wp-block-button__link wp-element-button\" href=\"https:\/\/rekisterit.tukes.fi\/toiminnanharjoittajat?o=A&amp;p=0&amp;qp=Mikko%20Ylennysm%C3%A4ki\">S2 Tukes oikeudet<\/a><\/div>\n\n\n\n<div class=\"wp-block-button\"><a class=\"wp-block-button__link wp-element-button\" href=\"https:\/\/rekisterit.tukes.fi\/kylma-alan-patevyys?o=e3&amp;p=0&amp;q=Mikko%20Ylennysm%C3%A4ki\">E3 Tukes oikeudet<\/a><\/div>\n<\/div>\n\n\n\n<div class=\"wp-block-buttons is-layout-flex wp-block-buttons-is-layout-flex\">\n<div class=\"wp-block-button\"><a class=\"wp-block-button__link wp-element-button\" href=\"https:\/\/www.kauppalehti.fi\/yritykset\/yritys\/sahkobitti+oy\/34386247\">Y-Tunnus: 3438624-7<\/a><\/div>\n<\/div>\n\n\n\n<p><\/p>\n\n\n\n<div class=\"wp-block-group\"><div class=\"wp-block-group__inner-container is-layout-constrained wp-block-group-is-layout-constrained\">\n<figure class=\"wp-block-image size-full is-resized\"><a href=\"https:\/\/www.ahlsell.fi\/omat-merkit-ja-maahantuonnit\/innova\/\"><img loading=\"lazy\" decoding=\"async\" width=\"1080\" height=\"1350\" src=\"https:\/\/sahkobitti.fi\/wp-content\/uploads\/2025\/05\/494980890_1237699751695849_9135552329691907547_n.jpg\" alt=\"\" class=\"wp-image-177\" style=\"width:240px;height:auto\" srcset=\"https:\/\/sahkobitti.fi\/wp-content\/uploads\/2025\/05\/494980890_1237699751695849_9135552329691907547_n.jpg 1080w, https:\/\/sahkobitti.fi\/wp-content\/uploads\/2025\/05\/494980890_1237699751695849_9135552329691907547_n-240x300.jpg 240w, https:\/\/sahkobitti.fi\/wp-content\/uploads\/2025\/05\/494980890_1237699751695849_9135552329691907547_n-819x1024.jpg 819w, https:\/\/sahkobitti.fi\/wp-content\/uploads\/2025\/05\/494980890_1237699751695849_9135552329691907547_n-768x960.jpg 768w\" sizes=\"auto, (max-width: 767px) 89vw, (max-width: 1000px) 54vw, (max-width: 1071px) 543px, 580px\" \/><\/a><\/figure>\n\n\n\n<figure class=\"wp-block-image size-full is-resized\"><a href=\"https:\/\/www.bosch-homecomfort.com\/fi\/fi\/tietoa-ohjeita\/takuu\/\"><img loading=\"lazy\" decoding=\"async\" width=\"700\" height=\"700\" src=\"https:\/\/sahkobitti.fi\/wp-content\/uploads\/2024\/05\/4062321251673_9_fullHD.jpeg\" alt=\"\" class=\"wp-image-132\" style=\"width:239px;height:auto\" srcset=\"https:\/\/sahkobitti.fi\/wp-content\/uploads\/2024\/05\/4062321251673_9_fullHD.jpeg 700w, https:\/\/sahkobitti.fi\/wp-content\/uploads\/2024\/05\/4062321251673_9_fullHD-300x300.jpeg 300w, https:\/\/sahkobitti.fi\/wp-content\/uploads\/2024\/05\/4062321251673_9_fullHD-150x150.jpeg 150w\" sizes=\"auto, (max-width: 700px) 100vw, 700px\" \/><\/a><\/figure>\n\n\n\n<figure class=\"wp-block-image size-large is-resized\"><img loading=\"lazy\" decoding=\"async\" width=\"1024\" height=\"512\" src=\"https:\/\/sahkobitti.fi\/wp-content\/uploads\/2025\/05\/ja\u2560esenyritys_banneri_25_150x75_fin_musta-1-1024x512.png\" alt=\"\" class=\"wp-image-240\" style=\"width:241px;height:auto\" srcset=\"https:\/\/sahkobitti.fi\/wp-content\/uploads\/2025\/05\/ja\u2560esenyritys_banneri_25_150x75_fin_musta-1-1024x512.png 1024w, https:\/\/sahkobitti.fi\/wp-content\/uploads\/2025\/05\/ja\u2560esenyritys_banneri_25_150x75_fin_musta-1-300x150.png 300w, https:\/\/sahkobitti.fi\/wp-content\/uploads\/2025\/05\/ja\u2560esenyritys_banneri_25_150x75_fin_musta-1-768x384.png 768w, https:\/\/sahkobitti.fi\/wp-content\/uploads\/2025\/05\/ja\u2560esenyritys_banneri_25_150x75_fin_musta-1.png 1389w\" sizes=\"auto, (max-width: 767px) 89vw, (max-width: 1000px) 54vw, (max-width: 1071px) 543px, 580px\" \/><\/figure>\n<\/div><\/div>\n\n\n\n<div class=\"wp-block-buttons is-content-justification-space-between is-layout-flex wp-container-core-buttons-is-layout-a77020c8 wp-block-buttons-is-layout-flex\">\n<div class=\"wp-block-button is-style-outline is-style-outline--1\"><a class=\"wp-block-button__link has-text-align-left wp-element-button\" href=\"https:\/\/sahkobitti.fi\/?page_id=77\"><strong>Ota yhteytt\u00e4 <\/strong><\/a><\/div>\n<\/div>\n\n\n\n<p><\/p>\n","protected":false},"excerpt":{"rendered":"<p>S\u00e4hk\u00f6asennuksia, huoltoa kuin uudiskohteita. 2025 kes\u00e4ll\u00e4 tullut antennihuollot mukaan. Ilmal\u00e4mp\u00f6pumppu asennukset, sek\u00e4 my\u00f6hemmin mahdollista ilmavesi-, poistoilma- sek\u00e4 maal\u00e4mp\u00f6pumput.\u00a0 Bosch ilmal\u00e4mp\u00f6pumpuille 6v pidennetty takuu mahdollisuus sek\u00e4 ilmavesi\/maal\u00e4mp\u00f6 tuotteille 6+10V(tulossa my\u00f6hemmin). My\u00f6s muun merkkiset ilmal\u00e4mp\u00f6pumput asentuu mukisematta. Nyt my\u00f6s Innova l\u00e4mp\u00f6pumput 5v takuulla, lis\u00e4tietoja ja esitteit\u00e4 a-energiaratkaisut.fi **Sivut tekev\u00e4t tuloaan ja lis\u00e4tietoja linkeist\u00e4 alapuolelta.**<\/p>\n","protected":false},"author":1,"featured_media":0,"parent":0,"menu_order":0,"comment_status":"closed","ping_status":"closed","template":"","meta":{"footnotes":""},"class_list":["post-2","page","type-page","status-publish","hentry"],"_links":{"self":[{"href":"https:\/\/sahkobitti.fi\/index.php?rest_route=\/wp\/v2\/pages\/2","targetHints":{"allow":["GET"]}}],"collection":[{"href":"https:\/\/sahkobitti.fi\/index.php?rest_route=\/wp\/v2\/pages"}],"about":[{"href":"https:\/\/sahkobitti.fi\/index.php?rest_route=\/wp\/v2\/types\/page"}],"author":[{"embeddable":true,"href":"https:\/\/sahkobitti.fi\/index.php?rest_route=\/wp\/v2\/users\/1"}],"replies":[{"embeddable":true,"href":"https:\/\/sahkobitti.fi\/index.php?rest_route=%2Fwp%2Fv2%2Fcomments&post=2"}],"version-history":[{"count":34,"href":"https:\/\/sahkobitti.fi\/index.php?rest_route=\/wp\/v2\/pages\/2\/revisions"}],"predecessor-version":[{"id":252,"href":"https:\/\/sahkobitti.fi\/index.php?rest_route=\/wp\/v2\/pages\/2\/revisions\/252"}],"wp:attachment":[{"href":"https:\/\/sahkobitti.fi\/index.php?rest_route=%2Fwp%2Fv2%2Fmedia&parent=2"}],"curies":[{"name":"wp","href":"https:\/\/api.w.org\/{rel}","templated":true}]}}