{"id":77,"date":"2024-05-07T09:59:13","date_gmt":"2024-05-07T09:59:13","guid":{"rendered":"https:\/\/sahkobitti.fi\/?page_id=77"},"modified":"2025-05-08T18:24:56","modified_gmt":"2025-05-08T18:24:56","slug":"yhteystiedot","status":"publish","type":"page","link":"https:\/\/sahkobitti.fi\/?page_id=77","title":{"rendered":"Yhteystiedot"},"content":{"rendered":"\n<p class=\"has-medium-font-size\">Puhelin: 045 8803888 <kbd>(<s>045 78303088<\/s> oli vanha)<\/kbd><\/p>\n\n\n\n<p>S\u00e4hk\u00f6posti: mikko.ylennysmaki(at)sahkobitti.fi<\/p>\n\n\n\n<p>Y-tunnus: 3438624-7<\/p>\n\n\n\n<p>Osoite: Teeritie 11, 41900 Pet\u00e4j\u00e4vesi<\/p>\n\n\n\n<p><\/p>\n\n\n\n<p><a href=\"https:\/\/verkkolaskuosoite.fi\/client\/#\/detail?id=1151686&amp;searchText=s%C3%A4hk%C3%B6bitti\">Verkkolaskuosoite<\/a><\/p>\n\n\n\n<details class=\"wp-block-details is-layout-flow wp-block-details-is-layout-flow\"><summary>K\u00e4yntikortti<\/summary>\n<!--more-->\n\n\n\n<figure class=\"wp-block-image size-full\"><img loading=\"lazy\" decoding=\"async\" width=\"589\" height=\"391\" src=\"https:\/\/sahkobitti.fi\/wp-content\/uploads\/2024\/10\/3226145.png\" alt=\"\" class=\"wp-image-156\" srcset=\"https:\/\/sahkobitti.fi\/wp-content\/uploads\/2024\/10\/3226145.png 589w, https:\/\/sahkobitti.fi\/wp-content\/uploads\/2024\/10\/3226145-300x199.png 300w\" sizes=\"auto, (max-width: 589px) 100vw, 589px\" \/><\/figure>\n<\/details>\n\n\n\n<div class=\"wp-block-group alignfull\"><div class=\"wp-block-group__inner-container is-layout-constrained wp-block-group-is-layout-constrained\">\n<div class=\"wp-block-group alignwide\" style=\"padding-top:4rem;padding-bottom:4rem\"><div class=\"wp-block-group__inner-container is-layout-flow wp-block-group-is-layout-flow\">\n<ul class=\"wp-block-social-links alignleft has-huge-icon-size has-icon-color has-icon-background-color is-content-justification-center is-layout-flex wp-container-core-social-links-is-layout-16018d1d wp-block-social-links-is-layout-flex\"><li style=\"color:var(--wp--preset--color--foreground);background-color:var(--wp--preset--color--background);\" class=\"wp-social-link wp-social-link-facebook has-foreground-color has-background-background-color wp-block-social-link\"><a href=\"https:\/\/www.facebook.com\/profile.php?id=61559027857530\" class=\"wp-block-social-link-anchor\"><svg width=\"24\" height=\"24\" viewBox=\"0 0 24 24\" version=\"1.1\" xmlns=\"http:\/\/www.w3.org\/2000\/svg\" aria-hidden=\"true\" focusable=\"false\"><path d=\"M12 2C6.5 2 2 6.5 2 12c0 5 3.7 9.1 8.4 9.9v-7H7.9V12h2.5V9.8c0-2.5 1.5-3.9 3.8-3.9 1.1 0 2.2.2 2.2.2v2.5h-1.3c-1.2 0-1.6.8-1.6 1.6V12h2.8l-.4 2.9h-2.3v7C18.3 21.1 22 17 22 12c0-5.5-4.5-10-10-10z\"><\/path><\/svg><span class=\"wp-block-social-link-label screen-reader-text\">Facebook<\/span><\/a><\/li><\/ul>\n\n\n\n<div style=\"height:50px\" aria-hidden=\"true\" class=\"wp-block-spacer\"><\/div>\n\n\n\n<p class=\"has-text-align-center\" style=\"font-size:16px\"><\/p>\n<\/div><\/div>\n<\/div><\/div>\n","protected":false},"excerpt":{"rendered":"<p>Puhelin: 045 8803888 (045 78303088 oli vanha) S\u00e4hk\u00f6posti: mikko.ylennysmaki(at)sahkobitti.fi Y-tunnus: 3438624-7 Osoite: Teeritie 11, 41900 Pet\u00e4j\u00e4vesi Verkkolaskuosoite<\/p>\n","protected":false},"author":1,"featured_media":0,"parent":0,"menu_order":0,"comment_status":"closed","ping_status":"closed","template":"","meta":{"footnotes":""},"class_list":["post-77","page","type-page","status-publish","hentry"],"_links":{"self":[{"href":"https:\/\/sahkobitti.fi\/index.php?rest_route=\/wp\/v2\/pages\/77","targetHints":{"allow":["GET"]}}],"collection":[{"href":"https:\/\/sahkobitti.fi\/index.php?rest_route=\/wp\/v2\/pages"}],"about":[{"href":"https:\/\/sahkobitti.fi\/index.php?rest_route=\/wp\/v2\/types\/page"}],"author":[{"embeddable":true,"href":"https:\/\/sahkobitti.fi\/index.php?rest_route=\/wp\/v2\/users\/1"}],"replies":[{"embeddable":true,"href":"https:\/\/sahkobitti.fi\/index.php?rest_route=%2Fwp%2Fv2%2Fcomments&post=77"}],"version-history":[{"count":22,"href":"https:\/\/sahkobitti.fi\/index.php?rest_route=\/wp\/v2\/pages\/77\/revisions"}],"predecessor-version":[{"id":227,"href":"https:\/\/sahkobitti.fi\/index.php?rest_route=\/wp\/v2\/pages\/77\/revisions\/227"}],"wp:attachment":[{"href":"https:\/\/sahkobitti.fi\/index.php?rest_route=%2Fwp%2Fv2%2Fmedia&parent=77"}],"curies":[{"name":"wp","href":"https:\/\/api.w.org\/{rel}","templated":true}]}}